{"id":1951,"date":"2019-07-16T19:00:53","date_gmt":"2019-07-16T17:00:53","guid":{"rendered":"https:\/\/neuromotiva.es\/lms\/?post_type=product&#038;p=1951"},"modified":"2025-11-14T23:49:41","modified_gmt":"2025-11-14T22:49:41","slug":"metodo-loci","status":"publish","type":"product","link":"https:\/\/neuromotiva.es\/lms\/producto\/metodo-loci\/","title":{"rendered":"M\u00e9todo Loci (PDF)"},"content":{"rendered":"","protected":false},"excerpt":{"rendered":"<p><a href=\"https:\/\/neuromotiva.es\/lms\/producto\/coleccion-metodo-ten-completa\/\">Colecci\u00f3n M\u00e9todo TEN<\/a>. Libro 8 (19 pg.)<\/p>\n<p>El <strong>m\u00e9todo Loci<\/strong> ya era utilizado por los oradores griegos hace m\u00e1s de 2000 a\u00f1os\u2026 \u00bfPor qu\u00e9 seguir us\u00e1ndolo? Resulta que es uno de los m\u00e9todos m\u00e1s efectivos para memorizar informaci\u00f3n ya que <strong>nuestro cerebro asocia \u201cpor defecto\u201d toda informaci\u00f3n a su ubicaci\u00f3n<\/strong>, sin tener que esforzarnos para ello, es su forma normal de funcionamiento, una especie de GPS natural que todos traemos de serie.<\/p>\n<p>Con esta publicaci\u00f3n de la colecci\u00f3n m\u00e9todo TEN de Aprendizaje Acelerado aprender\u00e1s a sacar todo el partido a esa cualidad de tu cerebro. Descubrir\u00e1s lo sorprendentemente f\u00e1cil que resulta <strong>memorizar un listado de 25, 50 o m\u00e1s palabras o ideas en pocos minutos<\/strong>, pudiendo luego <strong>recordarlo hacia delante, hacia atr\u00e1s o desde alg\u00fan punto intermedio<\/strong>, s\u00f3lo necesitar\u00e1s conocer la estrategia y tu IMAGINACI\u00d3N \u00bfTe atreves a probar?<\/p>\n<p>Las t\u00e9cnicas y herramientas explicadas son aptas para <strong>cualquier edad y tipo de estudio<\/strong> (primaria, secundaria, universidad, oposiciones).<\/p>\n<p>De <strong>REGALO con el libro<\/strong> encontrar\u00e1s el <strong>mapa Loci de Neuromotiva<\/strong> que te servir\u00e1 como base parar <strong>ubicar en \u00e9l y memorizar<\/strong> todos aquellos contenidos que necesites, de <strong>forma amena y divertida<\/strong>. Tambi\u00e9n te ense\u00f1aremos como construir tu propio mapa Loci personalizado.<\/p>\n<p>Contenido:<\/p>\n<ul>\n<li>Autoras<\/li>\n<li>Qu\u00e9 es m\u00e9todo TEN<\/li>\n<li>Formatos de m\u00e9todo TEN<\/li>\n<li>Beneficios del Aprendizaje Acelerado<\/li>\n<li>\u00bfQu\u00e9 es el m\u00e9todo Loci?<\/li>\n<li>Memoria y lugar<\/li>\n<li>Elementos del m\u00e9todo loci<\/li>\n<li>Usos del mapa loci<\/li>\n<li>Beneficios del mapa loci<\/li>\n<li>Mapa loci Neuromotiva<\/li>\n<li>Forma de utilizaci\u00f3n<\/li>\n<li>Ejemplo 1 de aplicaci\u00f3n (listado palabras)<\/li>\n<li>Ejemplo 2 de aplicaci\u00f3n (tabla peri\u00f3dica)<\/li>\n<li>Crea tu propio mapa<\/li>\n<\/ul>\n<p>El Aprendizaje Acelerado se basa en la eficiencia, es decir, conseguir <strong>ESTUDIAR M\u00c1S y MEJOR en MENOS TIEMPO<\/strong> y as\u00ed disfrutar esos momentos como t\u00fa quieras. Este es el <strong>octavo libro<\/strong> de la <a href=\"https:\/\/neuromotiva.es\/lms\/producto\/coleccion-metodo-ten-completa\/\"><strong>colecci\u00f3n M\u00e9todo TEN<\/strong><\/a>. Las diez publicaciones de esta colecci\u00f3n se han redactado de forma que se pueden adquirir como un <strong>pack<\/strong> donde se desarrollan todas las herramientas del m\u00e9todo TEN de Aprendizaje Acelerado de Neuromotiva\u00ae o de <strong>forma individual<\/strong> para que las adaptes a tus propias necesidades.<\/p>\n<p><a class=\"enlace-carrito\" href=\"https:\/\/neuromotiva.es\/lms\/carrito\/?add-to-cart=1951\"><strong>A\u00f1adir al carrito<\/strong><\/a><\/p>\n","protected":false},"featured_media":2296,"comment_status":"open","ping_status":"closed","template":"","meta":{"site-sidebar-layout":"default","site-content-layout":"default","ast-site-content-layout":"default","site-content-style":"default","site-sidebar-style":"default","ast-global-header-display":"","ast-banner-title-visibility":"","ast-main-header-display":"","ast-hfb-above-header-display":"","ast-hfb-below-header-display":"","ast-hfb-mobile-header-display":"","site-post-title":"","ast-breadcrumbs-content":"","ast-featured-img":"","footer-sml-layout":"","theme-transparent-header-meta":"default","adv-header-id-meta":"","stick-header-meta":"","header-above-stick-meta":"","header-main-stick-meta":"","header-below-stick-meta":"","astra-migrate-meta-layouts":"set","ast-page-background-enabled":"default","ast-page-background-meta":{"desktop":{"background-color":"","background-image":"","background-repeat":"repeat","background-position":"center center","background-size":"auto","background-attachment":"scroll","background-type":"","background-media":"","overlay-type":"","overlay-color":"","overlay-opacity":"","overlay-gradient":""},"tablet":{"background-color":"","background-image":"","background-repeat":"repeat","background-position":"center center","background-size":"auto","background-attachment":"scroll","background-type":"","background-media":"","overlay-type":"","overlay-color":"","overlay-opacity":"","overlay-gradient":""},"mobile":{"background-color":"","background-image":"","background-repeat":"repeat","background-position":"center center","background-size":"auto","background-attachment":"scroll","background-type":"","background-media":"","overlay-type":"","overlay-color":"","overlay-opacity":"","overlay-gradient":""}},"ast-content-background-meta":{"desktop":{"background-color":"var(--ast-global-color-5)","background-image":"","background-repeat":"repeat","background-position":"center center","background-size":"auto","background-attachment":"scroll","background-type":"","background-media":"","overlay-type":"","overlay-color":"","overlay-opacity":"","overlay-gradient":""},"tablet":{"background-color":"var(--ast-global-color-5)","background-image":"","background-repeat":"repeat","background-position":"center center","background-size":"auto","background-attachment":"scroll","background-type":"","background-media":"","overlay-type":"","overlay-color":"","overlay-opacity":"","overlay-gradient":""},"mobile":{"background-color":"var(--ast-global-color-5)","background-image":"","background-repeat":"repeat","background-position":"center center","background-size":"auto","background-attachment":"scroll","background-type":"","background-media":"","overlay-type":"","overlay-color":"","overlay-opacity":"","overlay-gradient":""}}},"product_brand":[],"product_cat":[31],"product_tag":[],"class_list":{"0":"post-1951","1":"product","2":"type-product","3":"status-publish","4":"has-post-thumbnail","6":"product_cat-libros","7":"desktop-align-left","8":"tablet-align-left","9":"mobile-align-left","11":"first","12":"instock","13":"downloadable","14":"sold-individually","15":"taxable","16":"shipping-taxable","17":"purchasable","18":"product-type-simple"},"_links":{"self":[{"href":"https:\/\/neuromotiva.es\/lms\/wp-json\/wp\/v2\/product\/1951","targetHints":{"allow":["GET"]}}],"collection":[{"href":"https:\/\/neuromotiva.es\/lms\/wp-json\/wp\/v2\/product"}],"about":[{"href":"https:\/\/neuromotiva.es\/lms\/wp-json\/wp\/v2\/types\/product"}],"replies":[{"embeddable":true,"href":"https:\/\/neuromotiva.es\/lms\/wp-json\/wp\/v2\/comments?post=1951"}],"wp:featuredmedia":[{"embeddable":true,"href":"https:\/\/neuromotiva.es\/lms\/wp-json\/wp\/v2\/media\/2296"}],"wp:attachment":[{"href":"https:\/\/neuromotiva.es\/lms\/wp-json\/wp\/v2\/media?parent=1951"}],"wp:term":[{"taxonomy":"product_brand","embeddable":true,"href":"https:\/\/neuromotiva.es\/lms\/wp-json\/wp\/v2\/product_brand?post=1951"},{"taxonomy":"product_cat","embeddable":true,"href":"https:\/\/neuromotiva.es\/lms\/wp-json\/wp\/v2\/product_cat?post=1951"},{"taxonomy":"product_tag","embeddable":true,"href":"https:\/\/neuromotiva.es\/lms\/wp-json\/wp\/v2\/product_tag?post=1951"}],"curies":[{"name":"wp","href":"https:\/\/api.w.org\/{rel}","templated":true}]}}