{"id":1953,"date":"2019-07-16T20:00:31","date_gmt":"2019-07-16T18:00:31","guid":{"rendered":"https:\/\/neuromotiva.es\/lms\/?post_type=product&#038;p=1953"},"modified":"2025-11-14T23:50:54","modified_gmt":"2025-11-14T22:50:54","slug":"planificacion-organizacion","status":"publish","type":"product","link":"https:\/\/neuromotiva.es\/lms\/producto\/planificacion-organizacion\/","title":{"rendered":"Planificaci\u00f3n y organizaci\u00f3n (PDF)"},"content":{"rendered":"","protected":false},"excerpt":{"rendered":"<p><a href=\"https:\/\/neuromotiva.es\/lms\/producto\/coleccion-metodo-ten-completa\/\">Colecci\u00f3n M\u00e9todo TEN<\/a>. Libro 10 (23 pg.)<\/p>\n<p>\u00bfTe has preguntado porque hay personas que su d\u00eda parece tener 48h? Pues solo hay una respuesta: <strong>planificaci\u00f3n y organizaci\u00f3n<\/strong>. Son la clave para conseguir <strong>lograr todas tus metas y objetivos<\/strong>, lo que adem\u00e1s te aportar\u00e1 satisfacci\u00f3n y seguridad en ti mismo para emprender nuevos proyectos.<\/p>\n<p>Con esta publicaci\u00f3n de la colecci\u00f3n m\u00e9todo TEN de Aprendizaje Acelerado aprender\u00e1s c\u00f3mo <strong>reconocer<\/strong> aquellos <strong>distractores<\/strong> que te hacen desperdiciar tu tiempo, <strong>vencer<\/strong> la <strong>pereza<\/strong> y la <strong>procrastinaci\u00f3n<\/strong>, <strong>organizar<\/strong> tu <strong>tiempo de estudio<\/strong> y resto de actividades . Tambi\u00e9n descubrir\u00e1s c\u00f3mo <strong>recompensarte<\/strong> y <strong>motivarte<\/strong> \u00a0de forma eficaz para sentirte mejor y alcanzar todo aquello que te propongas.<\/p>\n<p>Las t\u00e9cnicas y herramientas explicadas son aptas para <strong>cualquier edad y tipo de estudio<\/strong> (primaria, secundaria, universidad, oposiciones).<\/p>\n<p>De <strong>REGALO con el libro<\/strong> encontrar\u00e1s una <strong>plantilla<\/strong> para que elabores tu propia <strong>planificaci\u00f3n semanal personalizada<\/strong> que te servir\u00e1 de gu\u00eda a la hora de priorizar y organizar todas tus actividades.<\/p>\n<p>Contenido:<\/p>\n<ul>\n<li>Autoras<\/li>\n<li>Qu\u00e9 es m\u00e9todo TEN<\/li>\n<li>Formatos de m\u00e9todo TEN<\/li>\n<li>Beneficios del Aprendizaje Acelerado<\/li>\n<li>Ley de Pareto<\/li>\n<li>Controla tu tiempo<\/li>\n<li>Vence la procrastinaci\u00f3n<\/li>\n<li>Entrena la proactividad<\/li>\n<li>Planificaci\u00f3n semanal<\/li>\n<li>Claves para elaborar tu planificaci\u00f3n<\/li>\n<li>Fija tus objetivos siendo realista<\/li>\n<li>Diferencia lo importante de lo urgente<\/li>\n<li>Organiza tu lugar de estudio<\/li>\n<li>Optimiza tu tiempo. M\u00e9todo Pomodoro<\/li>\n<li>Refuerzo positivo. Recompensa a tu cerebro<\/li>\n<li>Reajusta tu planificaci\u00f3n<\/li>\n<\/ul>\n<p>El Aprendizaje Acelerado se basa en la eficiencia, es decir, conseguir <strong>ESTUDIAR M\u00c1S y MEJOR en MENOS TIEMPO<\/strong> y as\u00ed disfrutar esos momentos como t\u00fa quieras. Este es el <strong>d\u00e9cimo libro<\/strong> de la <a href=\"https:\/\/neuromotiva.es\/lms\/producto\/coleccion-metodo-ten-completa\/\"><strong>colecci\u00f3n M\u00e9todo TEN<\/strong><\/a>. Las diez publicaciones de esta colecci\u00f3n se han redactado de forma que se pueden adquirir como un <strong>pack<\/strong> donde se desarrollan todas las herramientas del m\u00e9todo TEN de Aprendizaje Acelerado de Neuromotiva\u00ae o de <strong>forma individual<\/strong> para que las adaptes a tus propias necesidades.<\/p>\n<p><a class=\"enlace-carrito\" href=\"https:\/\/neuromotiva.es\/lms\/carrito\/?add-to-cart=1953\"><strong>A\u00f1adir al carrito<\/strong><\/a><\/p>\n","protected":false},"featured_media":2297,"comment_status":"open","ping_status":"closed","template":"","meta":{"site-sidebar-layout":"default","site-content-layout":"default","ast-site-content-layout":"default","site-content-style":"default","site-sidebar-style":"default","ast-global-header-display":"","ast-banner-title-visibility":"","ast-main-header-display":"","ast-hfb-above-header-display":"","ast-hfb-below-header-display":"","ast-hfb-mobile-header-display":"","site-post-title":"","ast-breadcrumbs-content":"","ast-featured-img":"","footer-sml-layout":"","theme-transparent-header-meta":"default","adv-header-id-meta":"","stick-header-meta":"","header-above-stick-meta":"","header-main-stick-meta":"","header-below-stick-meta":"","astra-migrate-meta-layouts":"set","ast-page-background-enabled":"default","ast-page-background-meta":{"desktop":{"background-color":"","background-image":"","background-repeat":"repeat","background-position":"center center","background-size":"auto","background-attachment":"scroll","background-type":"","background-media":"","overlay-type":"","overlay-color":"","overlay-opacity":"","overlay-gradient":""},"tablet":{"background-color":"","background-image":"","background-repeat":"repeat","background-position":"center center","background-size":"auto","background-attachment":"scroll","background-type":"","background-media":"","overlay-type":"","overlay-color":"","overlay-opacity":"","overlay-gradient":""},"mobile":{"background-color":"","background-image":"","background-repeat":"repeat","background-position":"center center","background-size":"auto","background-attachment":"scroll","background-type":"","background-media":"","overlay-type":"","overlay-color":"","overlay-opacity":"","overlay-gradient":""}},"ast-content-background-meta":{"desktop":{"background-color":"var(--ast-global-color-5)","background-image":"","background-repeat":"repeat","background-position":"center center","background-size":"auto","background-attachment":"scroll","background-type":"","background-media":"","overlay-type":"","overlay-color":"","overlay-opacity":"","overlay-gradient":""},"tablet":{"background-color":"var(--ast-global-color-5)","background-image":"","background-repeat":"repeat","background-position":"center center","background-size":"auto","background-attachment":"scroll","background-type":"","background-media":"","overlay-type":"","overlay-color":"","overlay-opacity":"","overlay-gradient":""},"mobile":{"background-color":"var(--ast-global-color-5)","background-image":"","background-repeat":"repeat","background-position":"center center","background-size":"auto","background-attachment":"scroll","background-type":"","background-media":"","overlay-type":"","overlay-color":"","overlay-opacity":"","overlay-gradient":""}}},"product_brand":[],"product_cat":[31],"product_tag":[],"class_list":{"0":"post-1953","1":"product","2":"type-product","3":"status-publish","4":"has-post-thumbnail","6":"product_cat-libros","7":"desktop-align-left","8":"tablet-align-left","9":"mobile-align-left","11":"first","12":"instock","13":"downloadable","14":"sold-individually","15":"taxable","16":"shipping-taxable","17":"purchasable","18":"product-type-simple"},"_links":{"self":[{"href":"https:\/\/neuromotiva.es\/lms\/wp-json\/wp\/v2\/product\/1953","targetHints":{"allow":["GET"]}}],"collection":[{"href":"https:\/\/neuromotiva.es\/lms\/wp-json\/wp\/v2\/product"}],"about":[{"href":"https:\/\/neuromotiva.es\/lms\/wp-json\/wp\/v2\/types\/product"}],"replies":[{"embeddable":true,"href":"https:\/\/neuromotiva.es\/lms\/wp-json\/wp\/v2\/comments?post=1953"}],"wp:featuredmedia":[{"embeddable":true,"href":"https:\/\/neuromotiva.es\/lms\/wp-json\/wp\/v2\/media\/2297"}],"wp:attachment":[{"href":"https:\/\/neuromotiva.es\/lms\/wp-json\/wp\/v2\/media?parent=1953"}],"wp:term":[{"taxonomy":"product_brand","embeddable":true,"href":"https:\/\/neuromotiva.es\/lms\/wp-json\/wp\/v2\/product_brand?post=1953"},{"taxonomy":"product_cat","embeddable":true,"href":"https:\/\/neuromotiva.es\/lms\/wp-json\/wp\/v2\/product_cat?post=1953"},{"taxonomy":"product_tag","embeddable":true,"href":"https:\/\/neuromotiva.es\/lms\/wp-json\/wp\/v2\/product_tag?post=1953"}],"curies":[{"name":"wp","href":"https:\/\/api.w.org\/{rel}","templated":true}]}}