{"id":2127,"date":"2023-08-16T17:54:56","date_gmt":"2023-08-16T15:54:56","guid":{"rendered":"https:\/\/neuromotiva.es\/lms\/?post_type=product&#038;p=2127"},"modified":"2024-11-17T18:24:40","modified_gmt":"2024-11-17T17:24:40","slug":"curso-tecnicas-relaciones-interpersonales-individual","status":"publish","type":"product","link":"https:\/\/neuromotiva.es\/lms\/producto\/curso-tecnicas-relaciones-interpersonales-individual\/","title":{"rendered":"Curso de T\u00e9cnicas de Relaciones Interpersonales"},"content":{"rendered":"","protected":false},"excerpt":{"rendered":"<p>\u00bfQuieres dominar las t\u00e9cnicas que te permitir\u00e1n establecer relaciones exitosas en todos los \u00e1mbitos de tu vida? Con este curso <strong>mejorar\u00e1s tu capacidad de relacionarte con los dem\u00e1s y contigo mismo.<\/strong><\/p>\n<p>La formaci\u00f3n de <strong>4 horas<\/strong> se realiza a trav\u00e9s de videoconferencia con <strong>Mar S\u00e1nchez, especialista en gesti\u00f3n emocional y comunicaci\u00f3n, practitioner acreditada en Programaci\u00f3n Neuroling\u00fc\u00edstica (PNL)<\/strong>. Al tratarse de una <strong>FORMACI\u00d3N INDIVIDUAL<\/strong> no s\u00f3lo aprender\u00e1s a aplicar las t\u00e9cnicas de relaciones interpersonales, sino que lo har\u00e1s de forma pr\u00e1ctica aplic\u00e1ndolas a tu problem\u00e1tica particular.<\/p>\n<p>En este taller, fundamentalmente pr\u00e1ctico,<strong> aprender\u00e1s cuales son los 4 estilos relacionales b\u00e1sicos<\/strong>, te identificar\u00e1s a ti y a tu entorno m\u00e1s cercano con una <strong>metodolog\u00eda din\u00e1mica y divertida<\/strong>. Conocer\u00e1s las <strong>estrategias de comunicaci\u00f3n id\u00f3neas<\/strong> para que puedas tratar a cada uno como le gustar\u00eda ser tratado y conseguir que<strong> tu mensaje llegue de manera eficaz a tu familia, pareja, amigos y entorno laboral<\/strong> sea cual sea tu sector.<\/p>\n<p><strong>CONTENIDO:<\/strong><\/p>\n<ol>\n<li><strong><u>Comunicaci\u00f3n y Relaciones<\/u>:<\/strong> Descubrir el poder de la palabra. Tu cerebro es ling\u00fc\u00edstico por lo que aprende y se comunicas a trav\u00e9s de la palabra. La palabra puede ayudarte a construir o destruir relaciones.<\/li>\n<li><strong><u>Estilos relacionales<\/u>:<\/strong> conocer los 4 estilos b\u00e1sicos para descubrir el tuyo dominante y el de los dem\u00e1s. El autoconocimiento de tu canal preferente de comunicaci\u00f3n facilita la comprensi\u00f3n de tu mensaje y previene el conflicto.<\/li>\n<li><strong><u>PNL y Neurociencia<\/u>:<\/strong> identificar tu sistema representacional dominante (visual, auditivo o kinest\u00e9sico) es imprescindible para detectarlo en los dem\u00e1s y crear una comunicaci\u00f3n eficiente.<\/li>\n<li><strong><u>Gesti\u00f3n del estr\u00e9s<\/u>:<\/strong> prevenir el malestar psicol\u00f3gico y aprender a como estar de acuerdo en la discrepancia es salud f\u00edsica y mental. Te mostrar\u00e9 las estrategias y t\u00e9cnicas m\u00e1s utilizadas actualmente en gesti\u00f3n emocional.<\/li>\n<\/ol>\n<p>Al final el curso obtendr\u00e1s un diploma acreditativo de la formaci\u00f3n avalado por Neuromotiva\u00ae. Somos un centro de referencia en formaci\u00f3n en el sector con m\u00e1s de 10 a\u00f1os de experiencia en impartiendo formaci\u00f3n a particulares y empresas.<\/p>\n<p><a href=\"https:\/\/neuromotiva.es\/curso\/relaciones-interpersonales\/\"><b>+ INFO CURSO TRI individual<\/b><\/a><\/p>\n<p><strong>FORMATO:<\/strong><br \/>\n4 horas de FORMACI\u00d3N INDIVIDUAL en formato 100% online a trav\u00e9s de videoconferencia.<br \/>\n<strong>HORARIO<\/strong><br \/>\nViernes 10.00 a 14.00 h. (horario Madrid, Espa\u00f1a)<\/p>\n<p>Puedes consultar la disponibilidad de horarios y fechas a trav\u00e9s de nuestro correo <a href=\"mailto:info@neuromotiva.es\">info@neuromotiva.es<\/a> o tel\u00e9fono (+34) 981 270 170.<\/p>\n<p>\u00bfEst\u00e1s listo para <strong>llevar tus relaciones al siguiente nivel<\/strong>? Ap\u00fantate ahora a este curso y obt\u00e9n acceso inmediato a un programa completo y pr\u00e1ctico que te guiar\u00e1 hacia el <strong>\u00e9xito en tus relaciones interpersonales<\/strong>.<\/p>\n","protected":false},"featured_media":2128,"comment_status":"open","ping_status":"closed","template":"","meta":{"site-sidebar-layout":"default","site-content-layout":"default","ast-site-content-layout":"default","site-content-style":"default","site-sidebar-style":"default","ast-global-header-display":"","ast-banner-title-visibility":"","ast-main-header-display":"","ast-hfb-above-header-display":"","ast-hfb-below-header-display":"","ast-hfb-mobile-header-display":"","site-post-title":"","ast-breadcrumbs-content":"","ast-featured-img":"","footer-sml-layout":"","theme-transparent-header-meta":"default","adv-header-id-meta":"","stick-header-meta":"","header-above-stick-meta":"","header-main-stick-meta":"","header-below-stick-meta":"","astra-migrate-meta-layouts":"set","ast-page-background-enabled":"default","ast-page-background-meta":{"desktop":{"background-color":"","background-image":"","background-repeat":"repeat","background-position":"center center","background-size":"auto","background-attachment":"scroll","background-type":"","background-media":"","overlay-type":"","overlay-color":"","overlay-opacity":"","overlay-gradient":""},"tablet":{"background-color":"","background-image":"","background-repeat":"repeat","background-position":"center center","background-size":"auto","background-attachment":"scroll","background-type":"","background-media":"","overlay-type":"","overlay-color":"","overlay-opacity":"","overlay-gradient":""},"mobile":{"background-color":"","background-image":"","background-repeat":"repeat","background-position":"center center","background-size":"auto","background-attachment":"scroll","background-type":"","background-media":"","overlay-type":"","overlay-color":"","overlay-opacity":"","overlay-gradient":""}},"ast-content-background-meta":{"desktop":{"background-color":"var(--ast-global-color-5)","background-image":"","background-repeat":"repeat","background-position":"center center","background-size":"auto","background-attachment":"scroll","background-type":"","background-media":"","overlay-type":"","overlay-color":"","overlay-opacity":"","overlay-gradient":""},"tablet":{"background-color":"var(--ast-global-color-5)","background-image":"","background-repeat":"repeat","background-position":"center center","background-size":"auto","background-attachment":"scroll","background-type":"","background-media":"","overlay-type":"","overlay-color":"","overlay-opacity":"","overlay-gradient":""},"mobile":{"background-color":"var(--ast-global-color-5)","background-image":"","background-repeat":"repeat","background-position":"center center","background-size":"auto","background-attachment":"scroll","background-type":"","background-media":"","overlay-type":"","overlay-color":"","overlay-opacity":"","overlay-gradient":""}}},"product_brand":[],"product_cat":[25],"product_tag":[],"class_list":{"0":"post-2127","1":"product","2":"type-product","3":"status-publish","4":"has-post-thumbnail","6":"product_cat-formacion-online","7":"desktop-align-left","8":"tablet-align-left","9":"mobile-align-left","11":"first","12":"instock","13":"downloadable","14":"sold-individually","15":"taxable","16":"shipping-taxable","17":"purchasable","18":"product-type-simple"},"_links":{"self":[{"href":"https:\/\/neuromotiva.es\/lms\/wp-json\/wp\/v2\/product\/2127","targetHints":{"allow":["GET"]}}],"collection":[{"href":"https:\/\/neuromotiva.es\/lms\/wp-json\/wp\/v2\/product"}],"about":[{"href":"https:\/\/neuromotiva.es\/lms\/wp-json\/wp\/v2\/types\/product"}],"replies":[{"embeddable":true,"href":"https:\/\/neuromotiva.es\/lms\/wp-json\/wp\/v2\/comments?post=2127"}],"wp:featuredmedia":[{"embeddable":true,"href":"https:\/\/neuromotiva.es\/lms\/wp-json\/wp\/v2\/media\/2128"}],"wp:attachment":[{"href":"https:\/\/neuromotiva.es\/lms\/wp-json\/wp\/v2\/media?parent=2127"}],"wp:term":[{"taxonomy":"product_brand","embeddable":true,"href":"https:\/\/neuromotiva.es\/lms\/wp-json\/wp\/v2\/product_brand?post=2127"},{"taxonomy":"product_cat","embeddable":true,"href":"https:\/\/neuromotiva.es\/lms\/wp-json\/wp\/v2\/product_cat?post=2127"},{"taxonomy":"product_tag","embeddable":true,"href":"https:\/\/neuromotiva.es\/lms\/wp-json\/wp\/v2\/product_tag?post=2127"}],"curies":[{"name":"wp","href":"https:\/\/api.w.org\/{rel}","templated":true}]}}