{"id":2237,"date":"2024-11-17T12:06:57","date_gmt":"2024-11-17T11:06:57","guid":{"rendered":"https:\/\/neuromotiva.es\/lms\/?post_type=product&#038;p=2237"},"modified":"2024-11-17T19:03:19","modified_gmt":"2024-11-17T18:03:19","slug":"curso-de-gestion-emocional-en-el-entorno-sanitario","status":"publish","type":"product","link":"https:\/\/neuromotiva.es\/lms\/producto\/curso-de-gestion-emocional-en-el-entorno-sanitario\/","title":{"rendered":"Curso de Gesti\u00f3n Emocional en el Entorno Sanitario"},"content":{"rendered":"","protected":false},"excerpt":{"rendered":"<p>\u00bfQuieres <strong>reforzar y mejorar tus conocimientos y habilidades en la comunicaci\u00f3n y relaci\u00f3n<\/strong> tanto con los pacientes y familiares como en tu equipo de trabajo? Con este curso <strong>mejorar\u00e1s tu capacidad de relacionarte con los dem\u00e1s y contigo mismo.<\/strong><\/p>\n<p>La formaci\u00f3n de <strong>4 horas<\/strong> se realiza a trav\u00e9s de videoconferencia con <strong>Mar S\u00e1nchez, especialista en gesti\u00f3n emocional y comunicaci\u00f3n, practitioner acreditada en Programaci\u00f3n Neuroling\u00fc\u00edstica (PNL)<\/strong>. Al tratarse de una <strong>FORMACI\u00d3N INDIVIDUAL<\/strong> no s\u00f3lo aprender\u00e1s a aplicar t\u00e9cnicas de gesti\u00f3n emocional, sino que lo har\u00e1s de forma pr\u00e1ctica aplic\u00e1ndolas a situaciones cotidianas del entorno sanitario.<\/p>\n<p>En este taller, fundamentalmente pr\u00e1ctico,<strong> aprender\u00e1s a <span class=\"elementor-icon-list-text\">poner bajo control tus emociones y reaccionar de manera adecuada a situaciones dif\u00edciles con tus pacientes, su familia o tu equipo<\/span><\/strong>. Esta formaci\u00f3n te ayudar\u00e1 a <span class=\"elementor-icon-list-text\">ganar seguridad y desenvoltura para expresar y transmitir tu palabra con eficiencia.<\/span><\/p>\n<p><strong>CONTENIDO:<\/strong><\/p>\n<p><strong>TALLER 1: La comunicaci\u00f3n en el entorno sanitario<\/strong> (formaci\u00f3n 2h.):<\/p>\n<ol>\n<li>La importancia de la comunicaci\u00f3n en el \u00e1mbito sanitario<\/li>\n<li>C\u00f3mo comunicarse con efectividad, aptitudes necesarias<\/li>\n<li>Las barreras en la comunicaci\u00f3n en \u00e1mbito sanitario y sociosanitario<\/li>\n<li>Comunicaci\u00f3n verbal y no verbal<\/li>\n<li>Niveles de comunicaci\u00f3n<\/li>\n<li>Canales de comunicaci\u00f3n<\/li>\n<li>Estrategias de comunicaci\u00f3n ante situaciones dif\u00edciles<\/li>\n<\/ol>\n<p><strong>TALLER 2: Mejorar el trato y la relaci\u00f3n con las personas en el entorno sanitario <\/strong>(formaci\u00f3n 2h.):<\/p>\n<div class=\"elementor-element elementor-element-43e16dd elementor-widget elementor-widget-text-editor\" data-id=\"43e16dd\" data-element_type=\"widget\" data-widget_type=\"text-editor.default\">\n<div class=\"elementor-widget-container\">\n<ol>\n<li>El encuentro con el paciente, la relevancia de la persona de contacto<\/li>\n<li>Estilos de relaci\u00f3n interpersonal<\/li>\n<li>Aptitudes necesarias del personal del entorno sanitario ante los pacientes<\/li>\n<li>C\u00f3mo gestionar amenazas de pacientes<\/li>\n<li>Actitudes y habilidades para una buena relaci\u00f3n terap\u00e9utica<\/li>\n<\/ol>\n<\/div>\n<\/div>\n<p>Al final el curso obtendr\u00e1s un diploma acreditativo de la formaci\u00f3n avalado por Neuromotiva\u00ae. Somos un centro de referencia en formaci\u00f3n en el sector con m\u00e1s de 10 a\u00f1os de experiencia en impartiendo formaci\u00f3n a particulares y empresas.<\/p>\n<p><a href=\"https:\/\/neuromotiva.es\/curso\/gestion-emocional-entorno-sanitario\/\"><b>+ INFO CURSO Gesti\u00f3n Emocional en el Entorno Sanitario<\/b><\/a><\/p>\n<p><strong>FORMATO:<\/strong><br \/>\n4 horas de FORMACI\u00d3N INDIVIDUAL en formato 100% online a trav\u00e9s de videoconferencia.<br \/>\n<strong>HORARIO<\/strong><br \/>\nConsulta la disponibilidad de horarios y fechas a trav\u00e9s de nuestro correo <a href=\"mailto:info@neuromotiva.es\">info@neuromotiva.es<\/a> o tel\u00e9fono (+34) 981 270 170.<\/p>\n<p>\u00bfEst\u00e1s listo para <strong>conectar con tus pacientes y equipo de trabajo de forma diferente<\/strong>? Ap\u00fantate ahora a este curso y obt\u00e9n acceso inmediato a un programa completo y pr\u00e1ctico que te mejorar\u00e1 tu bienestar y el de tu entorno.<\/p>\n","protected":false},"featured_media":2241,"comment_status":"open","ping_status":"closed","template":"","meta":{"site-sidebar-layout":"default","site-content-layout":"default","ast-site-content-layout":"default","site-content-style":"default","site-sidebar-style":"default","ast-global-header-display":"","ast-banner-title-visibility":"","ast-main-header-display":"","ast-hfb-above-header-display":"","ast-hfb-below-header-display":"","ast-hfb-mobile-header-display":"","site-post-title":"","ast-breadcrumbs-content":"","ast-featured-img":"","footer-sml-layout":"","theme-transparent-header-meta":"default","adv-header-id-meta":"","stick-header-meta":"","header-above-stick-meta":"","header-main-stick-meta":"","header-below-stick-meta":"","astra-migrate-meta-layouts":"set","ast-page-background-enabled":"default","ast-page-background-meta":{"desktop":{"background-color":"","background-image":"","background-repeat":"repeat","background-position":"center center","background-size":"auto","background-attachment":"scroll","background-type":"","background-media":"","overlay-type":"","overlay-color":"","overlay-opacity":"","overlay-gradient":""},"tablet":{"background-color":"","background-image":"","background-repeat":"repeat","background-position":"center center","background-size":"auto","background-attachment":"scroll","background-type":"","background-media":"","overlay-type":"","overlay-color":"","overlay-opacity":"","overlay-gradient":""},"mobile":{"background-color":"","background-image":"","background-repeat":"repeat","background-position":"center center","background-size":"auto","background-attachment":"scroll","background-type":"","background-media":"","overlay-type":"","overlay-color":"","overlay-opacity":"","overlay-gradient":""}},"ast-content-background-meta":{"desktop":{"background-color":"var(--ast-global-color-5)","background-image":"","background-repeat":"repeat","background-position":"center center","background-size":"auto","background-attachment":"scroll","background-type":"","background-media":"","overlay-type":"","overlay-color":"","overlay-opacity":"","overlay-gradient":""},"tablet":{"background-color":"var(--ast-global-color-5)","background-image":"","background-repeat":"repeat","background-position":"center center","background-size":"auto","background-attachment":"scroll","background-type":"","background-media":"","overlay-type":"","overlay-color":"","overlay-opacity":"","overlay-gradient":""},"mobile":{"background-color":"var(--ast-global-color-5)","background-image":"","background-repeat":"repeat","background-position":"center center","background-size":"auto","background-attachment":"scroll","background-type":"","background-media":"","overlay-type":"","overlay-color":"","overlay-opacity":"","overlay-gradient":""}}},"product_brand":[],"product_cat":[25],"product_tag":[],"class_list":{"0":"post-2237","1":"product","2":"type-product","3":"status-publish","4":"has-post-thumbnail","6":"product_cat-formacion-online","7":"desktop-align-left","8":"tablet-align-left","9":"mobile-align-left","11":"first","12":"instock","13":"downloadable","14":"sold-individually","15":"taxable","16":"shipping-taxable","17":"purchasable","18":"product-type-simple"},"_links":{"self":[{"href":"https:\/\/neuromotiva.es\/lms\/wp-json\/wp\/v2\/product\/2237","targetHints":{"allow":["GET"]}}],"collection":[{"href":"https:\/\/neuromotiva.es\/lms\/wp-json\/wp\/v2\/product"}],"about":[{"href":"https:\/\/neuromotiva.es\/lms\/wp-json\/wp\/v2\/types\/product"}],"replies":[{"embeddable":true,"href":"https:\/\/neuromotiva.es\/lms\/wp-json\/wp\/v2\/comments?post=2237"}],"wp:featuredmedia":[{"embeddable":true,"href":"https:\/\/neuromotiva.es\/lms\/wp-json\/wp\/v2\/media\/2241"}],"wp:attachment":[{"href":"https:\/\/neuromotiva.es\/lms\/wp-json\/wp\/v2\/media?parent=2237"}],"wp:term":[{"taxonomy":"product_brand","embeddable":true,"href":"https:\/\/neuromotiva.es\/lms\/wp-json\/wp\/v2\/product_brand?post=2237"},{"taxonomy":"product_cat","embeddable":true,"href":"https:\/\/neuromotiva.es\/lms\/wp-json\/wp\/v2\/product_cat?post=2237"},{"taxonomy":"product_tag","embeddable":true,"href":"https:\/\/neuromotiva.es\/lms\/wp-json\/wp\/v2\/product_tag?post=2237"}],"curies":[{"name":"wp","href":"https:\/\/api.w.org\/{rel}","templated":true}]}}